{"id":238,"date":"2015-10-02T13:31:06","date_gmt":"2015-10-02T11:31:06","guid":{"rendered":"http:\/\/www.dz-livno.com\/?page_id=238"},"modified":"2022-10-05T11:48:04","modified_gmt":"2022-10-05T10:48:04","slug":"ambulante","status":"publish","type":"page","link":"https:\/\/www.dz-livno.com\/?page_id=238","title":{"rendered":"Podru\u010dna ambulanta"},"content":{"rendered":"<h2 style=\"text-align: center;\">Ambulanta \u017dirovi\u0107<\/h2>\n<h2 style=\"text-align: center;\">Radno vrijeme:<\/h2>\n<p style=\"text-align: center;\">07:00 &#8211; 10:00 Utorak i \u010cetvrtak<\/p>\n<h2 style=\"text-align: center;\">Telefon:<\/h2>\n<p style=\"text-align: center;\">034\/268 &#8211; 199<\/p>\n","protected":false},"excerpt":{"rendered":"<p>Ambulanta \u017dirovi\u0107 Radno vrijeme: 07:00 &#8211; 10:00 Utorak i \u010cetvrtak Telefon: 034\/268 &#8211; 199<\/p>\n","protected":false},"author":1,"featured_media":0,"parent":0,"menu_order":0,"comment_status":"closed","ping_status":"closed","template":"","meta":{"footnotes":""},"class_list":["post-238","page","type-page","status-publish","hentry"],"_links":{"self":[{"href":"https:\/\/www.dz-livno.com\/index.php?rest_route=\/wp\/v2\/pages\/238","targetHints":{"allow":["GET"]}}],"collection":[{"href":"https:\/\/www.dz-livno.com\/index.php?rest_route=\/wp\/v2\/pages"}],"about":[{"href":"https:\/\/www.dz-livno.com\/index.php?rest_route=\/wp\/v2\/types\/page"}],"author":[{"embeddable":true,"href":"https:\/\/www.dz-livno.com\/index.php?rest_route=\/wp\/v2\/users\/1"}],"replies":[{"embeddable":true,"href":"https:\/\/www.dz-livno.com\/index.php?rest_route=%2Fwp%2Fv2%2Fcomments&post=238"}],"version-history":[{"count":12,"href":"https:\/\/www.dz-livno.com\/index.php?rest_route=\/wp\/v2\/pages\/238\/revisions"}],"predecessor-version":[{"id":4463,"href":"https:\/\/www.dz-livno.com\/index.php?rest_route=\/wp\/v2\/pages\/238\/revisions\/4463"}],"wp:attachment":[{"href":"https:\/\/www.dz-livno.com\/index.php?rest_route=%2Fwp%2Fv2%2Fmedia&parent=238"}],"curies":[{"name":"wp","href":"https:\/\/api.w.org\/{rel}","templated":true}]}}